{"id":1319,"date":"2023-01-20T08:42:01","date_gmt":"2023-01-20T07:42:01","guid":{"rendered":"https:\/\/glimton.se\/?page_id=1319"},"modified":"2025-10-30T17:52:17","modified_gmt":"2025-10-30T16:52:17","slug":"inred_privat","status":"publish","type":"page","link":"https:\/\/glimton.se\/index.php\/inred_privat\/","title":{"rendered":"Inred_privat"},"content":{"rendered":"\t\t<div data-elementor-type=\"wp-page\" data-elementor-id=\"1319\" class=\"elementor elementor-1319\">\n\t\t\t\t\t\t<div class=\"elementor-inner\">\n\t\t\t\t<div class=\"elementor-section-wrap\">\n\t\t\t\t\t\t\t\t\t<section class=\"elementor-section elementor-top-section elementor-element elementor-element-76222a1 elementor-section-boxed elementor-section-height-default elementor-section-height-default\" data-id=\"76222a1\" data-element_type=\"section\">\n\t\t\t\t\t\t<div class=\"elementor-container elementor-column-gap-default\">\n\t\t\t\t\t\t\t<div class=\"elementor-row\">\n\t\t\t\t\t<div class=\"elementor-column elementor-col-100 elementor-top-column elementor-element elementor-element-af73a35\" data-id=\"af73a35\" data-element_type=\"column\">\n\t\t\t<div class=\"elementor-column-wrap elementor-element-populated\">\n\t\t\t\t\t\t\t<div class=\"elementor-widget-wrap\">\n\t\t\t\t\t\t<div class=\"elementor-element elementor-element-6d930b6 elementor-widget elementor-widget-heading\" data-id=\"6d930b6\" data-element_type=\"widget\" data-widget_type=\"heading.default\">\n\t\t\t\t<div class=\"elementor-widget-container\">\n\t\t\t<h2 class=\"elementor-heading-title elementor-size-default\">Inredningsuppdrag \u00e5t privatbost\u00e4der<\/h2>\t\t<\/div>\n\t\t\t\t<\/div>\n\t\t\t\t\t\t<\/div>\n\t\t\t\t\t<\/div>\n\t\t<\/div>\n\t\t\t\t\t\t\t\t<\/div>\n\t\t\t\t\t<\/div>\n\t\t<\/section>\n\t\t\t\t<section class=\"elementor-section elementor-top-section elementor-element elementor-element-cc5ea3f elementor-section-boxed elementor-section-height-default elementor-section-height-default\" data-id=\"cc5ea3f\" data-element_type=\"section\" data-settings=\"{&quot;background_background&quot;:&quot;classic&quot;}\">\n\t\t\t\t\t\t<div class=\"elementor-container elementor-column-gap-default\">\n\t\t\t\t\t\t\t<div class=\"elementor-row\">\n\t\t\t\t\t<div class=\"elementor-column elementor-col-100 elementor-top-column elementor-element elementor-element-6283cbe\" data-id=\"6283cbe\" data-element_type=\"column\">\n\t\t\t<div class=\"elementor-column-wrap elementor-element-populated\">\n\t\t\t\t\t\t\t<div class=\"elementor-widget-wrap\">\n\t\t\t\t\t\t<section class=\"elementor-section elementor-inner-section elementor-element elementor-element-8719cc5 elementor-section-boxed elementor-section-height-default elementor-section-height-default\" data-id=\"8719cc5\" data-element_type=\"section\">\n\t\t\t\t\t\t<div class=\"elementor-container elementor-column-gap-default\">\n\t\t\t\t\t\t\t<div class=\"elementor-row\">\n\t\t\t\t\t<div class=\"elementor-column elementor-col-100 elementor-inner-column elementor-element elementor-element-a8babd2\" data-id=\"a8babd2\" data-element_type=\"column\">\n\t\t\t<div class=\"elementor-column-wrap elementor-element-populated\">\n\t\t\t\t\t\t\t<div class=\"elementor-widget-wrap\">\n\t\t\t\t\t\t<div class=\"elementor-element elementor-element-a81841d elementor-widget elementor-widget-text-editor\" data-id=\"a81841d\" data-element_type=\"widget\" data-widget_type=\"text-editor.default\">\n\t\t\t\t<div class=\"elementor-widget-container\">\n\t\t\t\t\t\t\t\t<div class=\"elementor-text-editor elementor-clearfix\">\n\t\t\t\t<p>Denna tj\u00e4nst erbjuder full konsultation med hembes\u00f6k.<\/p>\t\t\t\t\t<\/div>\n\t\t\t\t\t\t<\/div>\n\t\t\t\t<\/div>\n\t\t\t\t\t\t<\/div>\n\t\t\t\t\t<\/div>\n\t\t<\/div>\n\t\t\t\t\t\t\t\t<\/div>\n\t\t\t\t\t<\/div>\n\t\t<\/section>\n\t\t\t\t\t\t<\/div>\n\t\t\t\t\t<\/div>\n\t\t<\/div>\n\t\t\t\t\t\t\t\t<\/div>\n\t\t\t\t\t<\/div>\n\t\t<\/section>\n\t\t\t\t<section class=\"elementor-section elementor-top-section elementor-element elementor-element-f7b8bf2 elementor-section-boxed elementor-section-height-default elementor-section-height-default\" data-id=\"f7b8bf2\" data-element_type=\"section\">\n\t\t\t\t\t\t<div class=\"elementor-container elementor-column-gap-default\">\n\t\t\t\t\t\t\t<div class=\"elementor-row\">\n\t\t\t\t\t<div class=\"elementor-column elementor-col-100 elementor-top-column elementor-element elementor-element-6186fcb\" data-id=\"6186fcb\" data-element_type=\"column\">\n\t\t\t<div class=\"elementor-column-wrap elementor-element-populated\">\n\t\t\t\t\t\t\t<div class=\"elementor-widget-wrap\">\n\t\t\t\t\t\t<div class=\"elementor-element elementor-element-c71820a elementor-widget elementor-widget-spacer\" data-id=\"c71820a\" data-element_type=\"widget\" data-widget_type=\"spacer.default\">\n\t\t\t\t<div class=\"elementor-widget-container\">\n\t\t\t\t\t<div class=\"elementor-spacer\">\n\t\t\t<div class=\"elementor-spacer-inner\"><\/div>\n\t\t<\/div>\n\t\t\t\t<\/div>\n\t\t\t\t<\/div>\n\t\t\t\t\t\t<\/div>\n\t\t\t\t\t<\/div>\n\t\t<\/div>\n\t\t\t\t\t\t\t\t<\/div>\n\t\t\t\t\t<\/div>\n\t\t<\/section>\n\t\t\t\t<section class=\"elementor-section elementor-top-section elementor-element elementor-element-7ed0c76 elementor-section-boxed elementor-section-height-default elementor-section-height-default\" data-id=\"7ed0c76\" data-element_type=\"section\" data-settings=\"{&quot;background_background&quot;:&quot;classic&quot;}\">\n\t\t\t\t\t\t<div class=\"elementor-container elementor-column-gap-default\">\n\t\t\t\t\t\t\t<div class=\"elementor-row\">\n\t\t\t\t\t<div class=\"elementor-column elementor-col-50 elementor-top-column elementor-element elementor-element-89353b2\" data-id=\"89353b2\" data-element_type=\"column\">\n\t\t\t<div class=\"elementor-column-wrap elementor-element-populated\">\n\t\t\t\t\t\t\t<div class=\"elementor-widget-wrap\">\n\t\t\t\t\t\t<div class=\"elementor-element elementor-element-09a7b5f elementor-widget elementor-widget-text-editor\" data-id=\"09a7b5f\" data-element_type=\"widget\" data-widget_type=\"text-editor.default\">\n\t\t\t\t<div class=\"elementor-widget-container\">\n\t\t\t\t\t\t\t\t<div class=\"elementor-text-editor elementor-clearfix\">\n\t\t\t\t<p>Vi kommer att titta p\u00e5 din bostad eller lokal och se vad det \u00e4r som du beh\u00f6ver ha hj\u00e4lp med.\u00a0<br \/><span style=\"background-color: var( --e-global-color-e07efe1 ); color: var( --e-global-color-text );\">Du ber\u00e4ttar om ditt behov och vi g\u00f6r en kundanalys av projektet och d<\/span>u f\u00e5r \u00e5terkoppling med en offert p\u00e5 uppdraget.<span style=\"background-color: var( --e-global-color-e07efe1 ); color: var( --e-global-color-text );\"><br \/><\/span><\/p><p><span style=\"background-color: var( --e-global-color-e07efe1 ); color: var( --e-global-color-text );\">D\u00e4refter jobbar vi med att ta fram f\u00e4rg, m\u00f6bleringsf\u00f6rslag, m\u00f6bler, dekorationer, textilier och belysning.<br \/>Du tittar p\u00e5 v\u00e5rt f\u00f6rslag och vi g\u00f6r justeringar efter dina \u00f6nskem\u00e5l.<\/span><\/p><p><span style=\"background-color: var( --e-global-color-e07efe1 ); color: var( --e-global-color-text );\">N\u00e4r b\u00e5da parter \u00e4r n\u00f6jda med f\u00f6rslaget kommer du att f\u00e5:<br \/><\/span>f\u00e4rgs\u00e4ttningsf\u00f6rslag, moodboard, materialval, planskiss med m\u00f6blering samt en belysningsplan. Du f\u00e5r \u00e4ven med en ink\u00f6pslista med l\u00e4nkar till de presenterade materialen.<\/p>\t\t\t\t\t<\/div>\n\t\t\t\t\t\t<\/div>\n\t\t\t\t<\/div>\n\t\t\t\t\t\t<\/div>\n\t\t\t\t\t<\/div>\n\t\t<\/div>\n\t\t\t\t<div class=\"elementor-column elementor-col-50 elementor-top-column elementor-element elementor-element-3126c06\" data-id=\"3126c06\" data-element_type=\"column\">\n\t\t\t<div class=\"elementor-column-wrap elementor-element-populated\">\n\t\t\t\t\t\t\t<div class=\"elementor-widget-wrap\">\n\t\t\t\t\t\t<div class=\"elementor-element elementor-element-2dd23a0 elementor-widget elementor-widget-image\" data-id=\"2dd23a0\" data-element_type=\"widget\" data-widget_type=\"image.default\">\n\t\t\t\t<div class=\"elementor-widget-container\">\n\t\t\t\t\t\t\t\t<div class=\"elementor-image\">\n\t\t\t\t\t\t\t\t\t<figure class=\"wp-caption\">\n\t\t\t\t\t\t\t\t\t\t<img width=\"503\" height=\"503\" src=\"https:\/\/glimton.se\/wp-content\/uploads\/2023\/01\/Moodboard_instagram.jpg\" class=\"attachment-large size-large\" alt=\"\" loading=\"lazy\" srcset=\"https:\/\/glimton.se\/wp-content\/uploads\/2023\/01\/Moodboard_instagram.jpg 503w, https:\/\/glimton.se\/wp-content\/uploads\/2023\/01\/Moodboard_instagram-250x250.jpg 250w, https:\/\/glimton.se\/wp-content\/uploads\/2023\/01\/Moodboard_instagram-100x100.jpg 100w, https:\/\/glimton.se\/wp-content\/uploads\/2023\/01\/Moodboard_instagram-350x350.jpg 350w, https:\/\/glimton.se\/wp-content\/uploads\/2023\/01\/Moodboard_instagram-300x300.jpg 300w, https:\/\/glimton.se\/wp-content\/uploads\/2023\/01\/Moodboard_instagram-150x150.jpg 150w\" sizes=\"100vw\" \/>\t\t\t\t\t\t\t\t\t\t\t<figcaption class=\"widget-image-caption wp-caption-text\">Moodboard utf\u00f6rd till kund<\/figcaption>\n\t\t\t\t\t\t\t\t\t\t<\/figure>\n\t\t\t\t\t\t\t\t<\/div>\n\t\t\t\t\t\t<\/div>\n\t\t\t\t<\/div>\n\t\t\t\t\t\t<\/div>\n\t\t\t\t\t<\/div>\n\t\t<\/div>\n\t\t\t\t\t\t\t\t<\/div>\n\t\t\t\t\t<\/div>\n\t\t<\/section>\n\t\t\t\t<section class=\"elementor-section elementor-top-section elementor-element elementor-element-238ec69 elementor-section-boxed elementor-section-height-default elementor-section-height-default\" data-id=\"238ec69\" data-element_type=\"section\">\n\t\t\t\t\t\t<div class=\"elementor-container elementor-column-gap-default\">\n\t\t\t\t\t\t\t<div class=\"elementor-row\">\n\t\t\t\t\t<div class=\"elementor-column elementor-col-100 elementor-top-column elementor-element elementor-element-ee6567b\" data-id=\"ee6567b\" data-element_type=\"column\">\n\t\t\t<div class=\"elementor-column-wrap elementor-element-populated\">\n\t\t\t\t\t\t\t<div class=\"elementor-widget-wrap\">\n\t\t\t\t\t\t<div class=\"elementor-element elementor-element-dd8d142 elementor-widget elementor-widget-spacer\" data-id=\"dd8d142\" data-element_type=\"widget\" data-widget_type=\"spacer.default\">\n\t\t\t\t<div class=\"elementor-widget-container\">\n\t\t\t\t\t<div class=\"elementor-spacer\">\n\t\t\t<div class=\"elementor-spacer-inner\"><\/div>\n\t\t<\/div>\n\t\t\t\t<\/div>\n\t\t\t\t<\/div>\n\t\t\t\t\t\t<\/div>\n\t\t\t\t\t<\/div>\n\t\t<\/div>\n\t\t\t\t\t\t\t\t<\/div>\n\t\t\t\t\t<\/div>\n\t\t<\/section>\n\t\t\t\t<section class=\"elementor-section elementor-top-section elementor-element elementor-element-2249d40 elementor-section-boxed elementor-section-height-default elementor-section-height-default\" data-id=\"2249d40\" data-element_type=\"section\" data-settings=\"{&quot;background_background&quot;:&quot;classic&quot;}\">\n\t\t\t\t\t\t<div class=\"elementor-container elementor-column-gap-default\">\n\t\t\t\t\t\t\t<div class=\"elementor-row\">\n\t\t\t\t\t<div class=\"elementor-column elementor-col-50 elementor-top-column elementor-element elementor-element-fb74dab\" data-id=\"fb74dab\" data-element_type=\"column\">\n\t\t\t<div class=\"elementor-column-wrap elementor-element-populated\">\n\t\t\t\t\t\t\t<div class=\"elementor-widget-wrap\">\n\t\t\t\t\t\t<section class=\"elementor-section elementor-inner-section elementor-element elementor-element-d5d3ce1 elementor-section-boxed elementor-section-height-default elementor-section-height-default\" data-id=\"d5d3ce1\" data-element_type=\"section\">\n\t\t\t\t\t\t<div class=\"elementor-container elementor-column-gap-default\">\n\t\t\t\t\t\t\t<div class=\"elementor-row\">\n\t\t\t\t\t<div class=\"elementor-column elementor-col-100 elementor-inner-column elementor-element elementor-element-ee1075b\" data-id=\"ee1075b\" data-element_type=\"column\">\n\t\t\t<div class=\"elementor-column-wrap elementor-element-populated\">\n\t\t\t\t\t\t\t<div class=\"elementor-widget-wrap\">\n\t\t\t\t\t\t<div class=\"elementor-element elementor-element-ad3164b elementor-widget elementor-widget-image\" data-id=\"ad3164b\" data-element_type=\"widget\" data-widget_type=\"image.default\">\n\t\t\t\t<div class=\"elementor-widget-container\">\n\t\t\t\t\t\t\t\t<div class=\"elementor-image\">\n\t\t\t\t\t\t\t\t\t<figure class=\"wp-caption\">\n\t\t\t\t\t\t\t\t\t\t<img width=\"525\" height=\"525\" src=\"https:\/\/glimton.se\/wp-content\/uploads\/2023\/01\/325664968_128848409838916_90653974858732509_n-1-1024x1024.jpeg\" class=\"attachment-large size-large\" alt=\"\" loading=\"lazy\" srcset=\"https:\/\/glimton.se\/wp-content\/uploads\/2023\/01\/325664968_128848409838916_90653974858732509_n-1-1024x1024.jpeg 1024w, https:\/\/glimton.se\/wp-content\/uploads\/2023\/01\/325664968_128848409838916_90653974858732509_n-1-250x250.jpeg 250w, https:\/\/glimton.se\/wp-content\/uploads\/2023\/01\/325664968_128848409838916_90653974858732509_n-1-100x100.jpeg 100w, https:\/\/glimton.se\/wp-content\/uploads\/2023\/01\/325664968_128848409838916_90653974858732509_n-1-350x350.jpeg 350w, https:\/\/glimton.se\/wp-content\/uploads\/2023\/01\/325664968_128848409838916_90653974858732509_n-1-300x300.jpeg 300w, https:\/\/glimton.se\/wp-content\/uploads\/2023\/01\/325664968_128848409838916_90653974858732509_n-1-150x150.jpeg 150w, https:\/\/glimton.se\/wp-content\/uploads\/2023\/01\/325664968_128848409838916_90653974858732509_n-1-768x768.jpeg 768w, https:\/\/glimton.se\/wp-content\/uploads\/2023\/01\/325664968_128848409838916_90653974858732509_n-1.jpeg 1440w\" sizes=\"100vw\" \/>\t\t\t\t\t\t\t\t\t\t\t<figcaption class=\"widget-image-caption wp-caption-text\">Styling utf\u00f6rd i privatbostad<\/figcaption>\n\t\t\t\t\t\t\t\t\t\t<\/figure>\n\t\t\t\t\t\t\t\t<\/div>\n\t\t\t\t\t\t<\/div>\n\t\t\t\t<\/div>\n\t\t\t\t\t\t<\/div>\n\t\t\t\t\t<\/div>\n\t\t<\/div>\n\t\t\t\t\t\t\t\t<\/div>\n\t\t\t\t\t<\/div>\n\t\t<\/section>\n\t\t\t\t\t\t<\/div>\n\t\t\t\t\t<\/div>\n\t\t<\/div>\n\t\t\t\t<div class=\"elementor-column elementor-col-50 elementor-top-column elementor-element elementor-element-3e1c1bb\" data-id=\"3e1c1bb\" data-element_type=\"column\">\n\t\t\t<div class=\"elementor-column-wrap elementor-element-populated\">\n\t\t\t\t\t\t\t<div class=\"elementor-widget-wrap\">\n\t\t\t\t\t\t<section class=\"elementor-section elementor-inner-section elementor-element elementor-element-16179ed elementor-section-boxed elementor-section-height-default elementor-section-height-default\" data-id=\"16179ed\" data-element_type=\"section\">\n\t\t\t\t\t\t<div class=\"elementor-container elementor-column-gap-default\">\n\t\t\t\t\t\t\t<div class=\"elementor-row\">\n\t\t\t\t\t<div class=\"elementor-column elementor-col-100 elementor-inner-column elementor-element elementor-element-b58d9b3\" data-id=\"b58d9b3\" data-element_type=\"column\">\n\t\t\t<div class=\"elementor-column-wrap elementor-element-populated\">\n\t\t\t\t\t\t\t<div class=\"elementor-widget-wrap\">\n\t\t\t\t\t\t<div class=\"elementor-element elementor-element-8393f64 elementor-widget elementor-widget-text-editor\" data-id=\"8393f64\" data-element_type=\"widget\" data-widget_type=\"text-editor.default\">\n\t\t\t\t<div class=\"elementor-widget-container\">\n\t\t\t\t\t\t\t\t<div class=\"elementor-text-editor elementor-clearfix\">\n\t\t\t\t<p>Beh\u00f6ver du ha hj\u00e4lp med att hitta din inredningsstil?<br \/>Vi kan hj\u00e4lpa dig att hitta den r\u00f6da tr\u00e5den.<br \/>Att ta hj\u00e4lp utav expertishj\u00e4lp \u00e4r tidsbesparande.<br \/>H\u00f6r g\u00e4rna av dig, kontaktuppgifter finns l\u00e4ngst ner p\u00e5 sidan.<\/p>\t\t\t\t\t<\/div>\n\t\t\t\t\t\t<\/div>\n\t\t\t\t<\/div>\n\t\t\t\t\t\t<\/div>\n\t\t\t\t\t<\/div>\n\t\t<\/div>\n\t\t\t\t\t\t\t\t<\/div>\n\t\t\t\t\t<\/div>\n\t\t<\/section>\n\t\t\t\t\t\t<\/div>\n\t\t\t\t\t<\/div>\n\t\t<\/div>\n\t\t\t\t\t\t\t\t<\/div>\n\t\t\t\t\t<\/div>\n\t\t<\/section>\n\t\t\t\t\t\t\t\t\t<\/div>\n\t\t\t<\/div>\n\t\t\t\t\t<\/div>\n\t\t","protected":false},"excerpt":{"rendered":"<p>Inredningsuppdrag \u00e5t privatbost\u00e4der Denna tj\u00e4nst erbjuder full konsultation med hembes\u00f6k. Vi kommer att titta p\u00e5 din bostad eller lokal och se vad det \u00e4r som du beh\u00f6ver ha hj\u00e4lp med.\u00a0Du ber\u00e4ttar om ditt behov och vi g\u00f6r en kundanalys av projektet och du f\u00e5r \u00e5terkoppling med en offert p\u00e5 uppdraget. D\u00e4refter jobbar vi med att &hellip; <\/p>\n<p class=\"link-more\"><a href=\"https:\/\/glimton.se\/index.php\/inred_privat\/\" class=\"more-link\">Forts\u00e4tt l\u00e4sa<span class=\"screen-reader-text\"> &#8221;Inred_privat&#8221;<\/span><\/a><\/p>\n","protected":false},"author":1,"featured_media":0,"parent":0,"menu_order":0,"comment_status":"closed","ping_status":"closed","template":"elementor_canvas","meta":[],"_links":{"self":[{"href":"https:\/\/glimton.se\/index.php\/wp-json\/wp\/v2\/pages\/1319"}],"collection":[{"href":"https:\/\/glimton.se\/index.php\/wp-json\/wp\/v2\/pages"}],"about":[{"href":"https:\/\/glimton.se\/index.php\/wp-json\/wp\/v2\/types\/page"}],"author":[{"embeddable":true,"href":"https:\/\/glimton.se\/index.php\/wp-json\/wp\/v2\/users\/1"}],"replies":[{"embeddable":true,"href":"https:\/\/glimton.se\/index.php\/wp-json\/wp\/v2\/comments?post=1319"}],"version-history":[{"count":23,"href":"https:\/\/glimton.se\/index.php\/wp-json\/wp\/v2\/pages\/1319\/revisions"}],"predecessor-version":[{"id":2486,"href":"https:\/\/glimton.se\/index.php\/wp-json\/wp\/v2\/pages\/1319\/revisions\/2486"}],"wp:attachment":[{"href":"https:\/\/glimton.se\/index.php\/wp-json\/wp\/v2\/media?parent=1319"}],"curies":[{"name":"wp","href":"https:\/\/api.w.org\/{rel}","templated":true}]}}