{"id":1673,"date":"2023-02-20T20:51:23","date_gmt":"2023-02-20T19:51:23","guid":{"rendered":"https:\/\/glimton.se\/?page_id=1673"},"modified":"2025-10-28T19:50:48","modified_gmt":"2025-10-28T18:50:48","slug":"kontakt-3","status":"publish","type":"page","link":"https:\/\/glimton.se\/index.php\/kontakt-3\/","title":{"rendered":"Kontakt"},"content":{"rendered":"\t\t<div data-elementor-type=\"wp-page\" data-elementor-id=\"1673\" class=\"elementor elementor-1673\">\n\t\t\t\t\t\t<div class=\"elementor-inner\">\n\t\t\t\t<div class=\"elementor-section-wrap\">\n\t\t\t\t\t\t\t\t\t<section class=\"elementor-section elementor-top-section elementor-element elementor-element-a221b5e elementor-section-boxed elementor-section-height-default elementor-section-height-default\" data-id=\"a221b5e\" data-element_type=\"section\" data-settings=\"{&quot;background_background&quot;:&quot;classic&quot;}\">\n\t\t\t\t\t\t<div class=\"elementor-container elementor-column-gap-default\">\n\t\t\t\t\t\t\t<div class=\"elementor-row\">\n\t\t\t\t\t<div class=\"elementor-column elementor-col-100 elementor-top-column elementor-element elementor-element-5c4bbb5\" data-id=\"5c4bbb5\" data-element_type=\"column\">\n\t\t\t<div class=\"elementor-column-wrap elementor-element-populated\">\n\t\t\t\t\t\t\t<div class=\"elementor-widget-wrap\">\n\t\t\t\t\t\t<div class=\"elementor-element elementor-element-c82c4c6 elementor-widget elementor-widget-text-editor\" data-id=\"c82c4c6\" data-element_type=\"widget\" data-widget_type=\"text-editor.default\">\n\t\t\t\t<div class=\"elementor-widget-container\">\n\t\t\t\t\t\t\t\t<div class=\"elementor-text-editor elementor-clearfix\">\n\t\t\t\t<p><span style=\"color: var( --e-global-color-text ); background-color: var( --e-global-color-e07efe1 );\">Boka in ett kostnadsfritt f\u00f6rsta m\u00f6te med mig s\u00e5 kan du f\u00f6rklara vad det \u00e4r du beh\u00f6ver ha hj\u00e4lp med.<br \/><\/span><span style=\"color: var( --e-global-color-text ); background-color: var( --e-global-color-e07efe1 );\"><br \/>Du kan kontakta mig via epost: angelica@glimton.se\u00a0<\/span><span style=\"color: var( --e-global-color-text ); background-color: var( --e-global-color-e07efe1 );\">s\u00e5 ber\u00e4ttar jag mer.<\/span><\/p><p><span style=\"color: var( --e-global-color-text ); background-color: var( --e-global-color-e07efe1 );\">Du kan ocks\u00e5 kontakta mig p\u00e5 telefon, 070-787 3193.<\/span><\/p>\t\t\t\t\t<\/div>\n\t\t\t\t\t\t<\/div>\n\t\t\t\t<\/div>\n\t\t\t\t\t\t<\/div>\n\t\t\t\t\t<\/div>\n\t\t<\/div>\n\t\t\t\t\t\t\t\t<\/div>\n\t\t\t\t\t<\/div>\n\t\t<\/section>\n\t\t\t\t<section class=\"elementor-section elementor-top-section elementor-element elementor-element-fa9ad83 elementor-section-boxed elementor-section-height-default elementor-section-height-default\" data-id=\"fa9ad83\" data-element_type=\"section\">\n\t\t\t\t\t\t<div class=\"elementor-container elementor-column-gap-default\">\n\t\t\t\t\t\t\t<div class=\"elementor-row\">\n\t\t\t\t\t<div class=\"elementor-column elementor-col-50 elementor-top-column elementor-element elementor-element-2d99f54\" data-id=\"2d99f54\" data-element_type=\"column\">\n\t\t\t<div class=\"elementor-column-wrap\">\n\t\t\t\t\t\t\t<div class=\"elementor-widget-wrap\">\n\t\t\t\t\t\t\t\t<\/div>\n\t\t\t\t\t<\/div>\n\t\t<\/div>\n\t\t\t\t<div class=\"elementor-column elementor-col-50 elementor-top-column elementor-element elementor-element-c703d62\" data-id=\"c703d62\" data-element_type=\"column\">\n\t\t\t<div class=\"elementor-column-wrap\">\n\t\t\t\t\t\t\t<div class=\"elementor-widget-wrap\">\n\t\t\t\t\t\t\t\t<\/div>\n\t\t\t\t\t<\/div>\n\t\t<\/div>\n\t\t\t\t\t\t\t\t<\/div>\n\t\t\t\t\t<\/div>\n\t\t<\/section>\n\t\t\t\t\t\t\t\t\t<\/div>\n\t\t\t<\/div>\n\t\t\t\t\t<\/div>\n\t\t","protected":false},"excerpt":{"rendered":"<p>Boka in ett kostnadsfritt f\u00f6rsta m\u00f6te med mig s\u00e5 kan du f\u00f6rklara vad det \u00e4r du beh\u00f6ver ha hj\u00e4lp med. Du kan kontakta mig via epost: angelica@glimton.se\u00a0s\u00e5 ber\u00e4ttar jag mer. Du kan ocks\u00e5 kontakta mig p\u00e5 telefon, 070-787 3193.<\/p>\n","protected":false},"author":1,"featured_media":0,"parent":0,"menu_order":0,"comment_status":"closed","ping_status":"closed","template":"elementor_canvas","meta":[],"_links":{"self":[{"href":"https:\/\/glimton.se\/index.php\/wp-json\/wp\/v2\/pages\/1673"}],"collection":[{"href":"https:\/\/glimton.se\/index.php\/wp-json\/wp\/v2\/pages"}],"about":[{"href":"https:\/\/glimton.se\/index.php\/wp-json\/wp\/v2\/types\/page"}],"author":[{"embeddable":true,"href":"https:\/\/glimton.se\/index.php\/wp-json\/wp\/v2\/users\/1"}],"replies":[{"embeddable":true,"href":"https:\/\/glimton.se\/index.php\/wp-json\/wp\/v2\/comments?post=1673"}],"version-history":[{"count":15,"href":"https:\/\/glimton.se\/index.php\/wp-json\/wp\/v2\/pages\/1673\/revisions"}],"predecessor-version":[{"id":2483,"href":"https:\/\/glimton.se\/index.php\/wp-json\/wp\/v2\/pages\/1673\/revisions\/2483"}],"wp:attachment":[{"href":"https:\/\/glimton.se\/index.php\/wp-json\/wp\/v2\/media?parent=1673"}],"curies":[{"name":"wp","href":"https:\/\/api.w.org\/{rel}","templated":true}]}}