{"id":2184,"date":"2023-11-11T04:12:11","date_gmt":"2023-11-11T03:12:11","guid":{"rendered":"https:\/\/glimton.se\/?page_id=2184"},"modified":"2023-11-11T04:12:11","modified_gmt":"2023-11-11T03:12:11","slug":"krans-av-aprikos-rosor","status":"publish","type":"page","link":"https:\/\/glimton.se\/index.php\/krans-av-aprikos-rosor\/","title":{"rendered":"Krans av aprikos rosor"},"content":{"rendered":"\n<figure class=\"wp-block-image size-large\"><img loading=\"lazy\" width=\"1024\" height=\"1024\" src=\"https:\/\/glimton.se\/wp-content\/uploads\/2023\/11\/396984257_280953774922720_128870092205182429_n-1024x1024.jpg\" alt=\"\" class=\"wp-image-2185\" srcset=\"https:\/\/glimton.se\/wp-content\/uploads\/2023\/11\/396984257_280953774922720_128870092205182429_n-1024x1024.jpg 1024w, https:\/\/glimton.se\/wp-content\/uploads\/2023\/11\/396984257_280953774922720_128870092205182429_n-250x250.jpg 250w, https:\/\/glimton.se\/wp-content\/uploads\/2023\/11\/396984257_280953774922720_128870092205182429_n-100x100.jpg 100w, https:\/\/glimton.se\/wp-content\/uploads\/2023\/11\/396984257_280953774922720_128870092205182429_n-350x350.jpg 350w, https:\/\/glimton.se\/wp-content\/uploads\/2023\/11\/396984257_280953774922720_128870092205182429_n-300x300.jpg 300w, https:\/\/glimton.se\/wp-content\/uploads\/2023\/11\/396984257_280953774922720_128870092205182429_n-150x150.jpg 150w, https:\/\/glimton.se\/wp-content\/uploads\/2023\/11\/396984257_280953774922720_128870092205182429_n-768x768.jpg 768w, https:\/\/glimton.se\/wp-content\/uploads\/2023\/11\/396984257_280953774922720_128870092205182429_n.jpg 1058w\" sizes=\"(max-width: 767px) 89vw, (max-width: 1000px) 54vw, (max-width: 1071px) 543px, 580px\" \/><\/figure>\n\n\n\n<p>Det \u00f6sregnar utanf\u00f6r mitt f\u00f6nster.<br>Vad tycker du. Vill du att det ska komma sn\u00f6, eller tycker du att det \u00e4r f\u00f6r tidigt?<\/p>\n","protected":false},"excerpt":{"rendered":"<p>Det \u00f6sregnar utanf\u00f6r mitt f\u00f6nster.Vad tycker du. Vill du att det ska komma sn\u00f6, eller tycker du att det \u00e4r f\u00f6r tidigt?<\/p>\n","protected":false},"author":1,"featured_media":0,"parent":0,"menu_order":0,"comment_status":"closed","ping_status":"closed","template":"","meta":[],"_links":{"self":[{"href":"https:\/\/glimton.se\/index.php\/wp-json\/wp\/v2\/pages\/2184"}],"collection":[{"href":"https:\/\/glimton.se\/index.php\/wp-json\/wp\/v2\/pages"}],"about":[{"href":"https:\/\/glimton.se\/index.php\/wp-json\/wp\/v2\/types\/page"}],"author":[{"embeddable":true,"href":"https:\/\/glimton.se\/index.php\/wp-json\/wp\/v2\/users\/1"}],"replies":[{"embeddable":true,"href":"https:\/\/glimton.se\/index.php\/wp-json\/wp\/v2\/comments?post=2184"}],"version-history":[{"count":1,"href":"https:\/\/glimton.se\/index.php\/wp-json\/wp\/v2\/pages\/2184\/revisions"}],"predecessor-version":[{"id":2186,"href":"https:\/\/glimton.se\/index.php\/wp-json\/wp\/v2\/pages\/2184\/revisions\/2186"}],"wp:attachment":[{"href":"https:\/\/glimton.se\/index.php\/wp-json\/wp\/v2\/media?parent=2184"}],"curies":[{"name":"wp","href":"https:\/\/api.w.org\/{rel}","templated":true}]}}