{"id":47,"date":"2020-10-12T21:22:59","date_gmt":"2020-10-12T19:22:59","guid":{"rendered":"https:\/\/glimton.se\/?page_id=47"},"modified":"2025-10-28T19:43:01","modified_gmt":"2025-10-28T18:43:01","slug":"om","status":"publish","type":"page","link":"https:\/\/glimton.se\/index.php\/om\/","title":{"rendered":"Om"},"content":{"rendered":"\t\t<div data-elementor-type=\"wp-page\" data-elementor-id=\"47\" class=\"elementor elementor-47\">\n\t\t\t\t\t\t<div class=\"elementor-inner\">\n\t\t\t\t<div class=\"elementor-section-wrap\">\n\t\t\t\t\t\t\t\t\t<section class=\"elementor-section elementor-top-section elementor-element elementor-element-fda4b17 elementor-section-boxed elementor-section-height-default elementor-section-height-default\" data-id=\"fda4b17\" data-element_type=\"section\" data-settings=\"{&quot;background_background&quot;:&quot;classic&quot;}\">\n\t\t\t\t\t\t<div class=\"elementor-container elementor-column-gap-default\">\n\t\t\t\t\t\t\t<div class=\"elementor-row\">\n\t\t\t\t\t<div class=\"elementor-column elementor-col-100 elementor-top-column elementor-element elementor-element-dcb8799\" data-id=\"dcb8799\" data-element_type=\"column\">\n\t\t\t<div class=\"elementor-column-wrap elementor-element-populated\">\n\t\t\t\t\t\t\t<div class=\"elementor-widget-wrap\">\n\t\t\t\t\t\t<section class=\"elementor-section elementor-inner-section elementor-element elementor-element-6db3949 elementor-section-boxed elementor-section-height-default elementor-section-height-default\" data-id=\"6db3949\" data-element_type=\"section\">\n\t\t\t\t\t\t<div class=\"elementor-container elementor-column-gap-default\">\n\t\t\t\t\t\t\t<div class=\"elementor-row\">\n\t\t\t\t\t<div class=\"elementor-column elementor-col-50 elementor-inner-column elementor-element elementor-element-58c26bd\" data-id=\"58c26bd\" data-element_type=\"column\">\n\t\t\t<div class=\"elementor-column-wrap elementor-element-populated\">\n\t\t\t\t\t\t\t<div class=\"elementor-widget-wrap\">\n\t\t\t\t\t\t<div class=\"elementor-element elementor-element-80574fb elementor-widget elementor-widget-image\" data-id=\"80574fb\" data-element_type=\"widget\" data-widget_type=\"image.default\">\n\t\t\t\t<div class=\"elementor-widget-container\">\n\t\t\t\t\t\t\t\t<div class=\"elementor-image\">\n\t\t\t\t\t\t\t\t\t\t\t\t<img src=\"https:\/\/glimton.se\/wp-content\/uploads\/elementor\/thumbs\/Hunny_23_01_06_Fyrkantig_liten-q0xhcdjb7nroh2jhlzs6vvpuy0s9t0cpqcqdzlkk2o.jpg\" title=\"Hunny_23_01_06_Fyrkantig_liten\" alt=\"Hunny_23_01_06_Fyrkantig_liten\" \/>\t\t\t\t\t\t\t\t\t\t\t\t\t\t<\/div>\n\t\t\t\t\t\t<\/div>\n\t\t\t\t<\/div>\n\t\t\t\t\t\t<\/div>\n\t\t\t\t\t<\/div>\n\t\t<\/div>\n\t\t\t\t<div class=\"elementor-column elementor-col-50 elementor-inner-column elementor-element elementor-element-b89e431\" data-id=\"b89e431\" data-element_type=\"column\">\n\t\t\t<div class=\"elementor-column-wrap elementor-element-populated\">\n\t\t\t\t\t\t\t<div class=\"elementor-widget-wrap\">\n\t\t\t\t\t\t<div class=\"elementor-element elementor-element-5bf43a4 elementor-widget elementor-widget-text-editor\" data-id=\"5bf43a4\" data-element_type=\"widget\" data-widget_type=\"text-editor.default\">\n\t\t\t\t<div class=\"elementor-widget-container\">\n\t\t\t\t\t\t\t\t<div class=\"elementor-text-editor elementor-clearfix\">\n\t\t\t\t<p>Bakom Glimton hittar ni mig, Angelica Axglimt.<\/p><p>Jag \u00e4r Certifierad Inredningsdesigner och har en kandidatexamen i kvalitetss\u00e4kring.<\/p><p>Jag driver mitt f\u00f6retag Glimton som g\u00f6r kund-anpassade l\u00f6sningar inom inredning och design.<\/p><p>Min passion \u00e4r inredning i alla dess former. Jag har alltid haft ett kreativt sinne. Jag str\u00e4var efter att inreda h\u00e5llbart, med ett l\u00e5ngsiktigt perspektiv. Jag kan ta mig an stora som sm\u00e5 projekt. Tveka inte att h\u00f6ra av er om ni g\u00e5r i funderingar p\u00e5 att g\u00f6ra om.<\/p><p>Boka ett kostnadsfritt m\u00f6te med mig d\u00e4r du kan f\u00f6rklara vad det \u00e4r du vill ha r\u00e5d eller hj\u00e4lp med.\u00a0<\/p><p>Har ni t\u00e4nkt p\u00e5 hur mycket omgivningen g\u00f6r f\u00f6r ert v\u00e4lbefinnande? Jag kan hj\u00e4lpa er att f\u00e5 ett harmoniskt hem eller lokal som ni kommer att l\u00e4ngta hem till!\u00a0\u00a0<\/p><p>Ni n\u00e5r mig p\u00e5 angelica@glimton.se eller 070-787 3193<\/p><p>Du kan \u00e4ven boka in ett kostnadsfritt m\u00f6te s\u00e5 h\u00f6r jag av mig till n\u00e4r det passar dig!<\/p>\t\t\t\t\t<\/div>\n\t\t\t\t\t\t<\/div>\n\t\t\t\t<\/div>\n\t\t\t\t\t\t<\/div>\n\t\t\t\t\t<\/div>\n\t\t<\/div>\n\t\t\t\t\t\t\t\t<\/div>\n\t\t\t\t\t<\/div>\n\t\t<\/section>\n\t\t\t\t\t\t<\/div>\n\t\t\t\t\t<\/div>\n\t\t<\/div>\n\t\t\t\t\t\t\t\t<\/div>\n\t\t\t\t\t<\/div>\n\t\t<\/section>\n\t\t\t\t<section class=\"elementor-section elementor-top-section elementor-element elementor-element-e41025e elementor-section-boxed elementor-section-height-default elementor-section-height-default\" data-id=\"e41025e\" data-element_type=\"section\">\n\t\t\t\t\t\t<div class=\"elementor-container elementor-column-gap-default\">\n\t\t\t\t\t\t\t<div class=\"elementor-row\">\n\t\t\t\t\t<div class=\"elementor-column elementor-col-100 elementor-top-column elementor-element elementor-element-3a3c345\" data-id=\"3a3c345\" data-element_type=\"column\">\n\t\t\t<div class=\"elementor-column-wrap elementor-element-populated\">\n\t\t\t\t\t\t\t<div class=\"elementor-widget-wrap\">\n\t\t\t\t\t\t<div class=\"elementor-element elementor-element-06d37bb elementor-widget elementor-widget-spacer\" data-id=\"06d37bb\" data-element_type=\"widget\" data-widget_type=\"spacer.default\">\n\t\t\t\t<div class=\"elementor-widget-container\">\n\t\t\t\t\t<div class=\"elementor-spacer\">\n\t\t\t<div class=\"elementor-spacer-inner\"><\/div>\n\t\t<\/div>\n\t\t\t\t<\/div>\n\t\t\t\t<\/div>\n\t\t\t\t\t\t<\/div>\n\t\t\t\t\t<\/div>\n\t\t<\/div>\n\t\t\t\t\t\t\t\t<\/div>\n\t\t\t\t\t<\/div>\n\t\t<\/section>\n\t\t\t\t\t\t\t\t\t<\/div>\n\t\t\t<\/div>\n\t\t\t\t\t<\/div>\n\t\t","protected":false},"excerpt":{"rendered":"<p>Bakom Glimton hittar ni mig, Angelica Axglimt. Jag \u00e4r Certifierad Inredningsdesigner och har en kandidatexamen i kvalitetss\u00e4kring. Jag driver mitt f\u00f6retag Glimton som g\u00f6r kund-anpassade l\u00f6sningar inom inredning och design. Min passion \u00e4r inredning i alla dess former. Jag har alltid haft ett kreativt sinne. Jag str\u00e4var efter att inreda h\u00e5llbart, med ett l\u00e5ngsiktigt perspektiv. &hellip; <\/p>\n<p class=\"link-more\"><a href=\"https:\/\/glimton.se\/index.php\/om\/\" class=\"more-link\">Forts\u00e4tt l\u00e4sa<span class=\"screen-reader-text\"> &#8221;Om&#8221;<\/span><\/a><\/p>\n","protected":false},"author":1,"featured_media":0,"parent":0,"menu_order":0,"comment_status":"closed","ping_status":"closed","template":"elementor_canvas","meta":[],"_links":{"self":[{"href":"https:\/\/glimton.se\/index.php\/wp-json\/wp\/v2\/pages\/47"}],"collection":[{"href":"https:\/\/glimton.se\/index.php\/wp-json\/wp\/v2\/pages"}],"about":[{"href":"https:\/\/glimton.se\/index.php\/wp-json\/wp\/v2\/types\/page"}],"author":[{"embeddable":true,"href":"https:\/\/glimton.se\/index.php\/wp-json\/wp\/v2\/users\/1"}],"replies":[{"embeddable":true,"href":"https:\/\/glimton.se\/index.php\/wp-json\/wp\/v2\/comments?post=47"}],"version-history":[{"count":33,"href":"https:\/\/glimton.se\/index.php\/wp-json\/wp\/v2\/pages\/47\/revisions"}],"predecessor-version":[{"id":2477,"href":"https:\/\/glimton.se\/index.php\/wp-json\/wp\/v2\/pages\/47\/revisions\/2477"}],"wp:attachment":[{"href":"https:\/\/glimton.se\/index.php\/wp-json\/wp\/v2\/media?parent=47"}],"curies":[{"name":"wp","href":"https:\/\/api.w.org\/{rel}","templated":true}]}}